{"id":101,"date":"2024-03-27T17:47:26","date_gmt":"2024-03-27T17:47:26","guid":{"rendered":"https:\/\/trasportimiranda.it\/?page_id=101"},"modified":"2024-05-07T11:06:32","modified_gmt":"2024-05-07T09:06:32","slug":"soluzioni","status":"publish","type":"page","link":"https:\/\/trasportimiranda.it\/de\/soluzioni\/","title":{"rendered":"L\u00d6SUNGEN"},"content":{"rendered":"<section class=\"section dark\" id=\"section_65280777\">\n\t\t<div class=\"bg section-bg fill bg-fill\" >\n\n\t\t\t\n\t\t\t<div class=\"section-bg-overlay absolute fill\"><\/div>\n\t\t\t\n\n\t\t<\/div>\n\n\t\t\n\n\t\t<div class=\"section-content relative\">\n\t\t\t\n<div class=\"row align-center\"  id=\"row-1233390125\">\n\n\t<div id=\"col-937252247\" class=\"col medium-7 small-12 large-7\"  >\n\t\t\t\t<div class=\"col-inner\"  >\n\t\t\t\n\t\t\t\n\t<div id=\"text-3964623343\" class=\"text\">\n\t\t\n<h6>What we do<\/h6>\n\t\t\n<style>\n#text-3964623343 {\n  text-align: center;\n}\n<\/style>\n\t<\/div>\n\t\n\t<div id=\"text-2832369603\" class=\"text\">\n\t\t\n<h1>L\u00d6SUNGEN<\/h1>\n\t\t\n<style>\n#text-2832369603 {\n  font-size: 2.25rem;\n  text-align: center;\n}\n<\/style>\n\t<\/div>\n\t\n\t\t<\/div>\n\t\t\t\t\n<style>\n#col-937252247 > .col-inner {\n  padding: 0px 0px 0px 0px;\n  margin: 0px 0px -23px 0px;\n}\n<\/style>\n\t<\/div>\n\n\t\n<\/div>\n\t\t<\/div>\n\n\t\t\n<style>\n#section_65280777 {\n  padding-top: 30px;\n  padding-bottom: 30px;\n  min-height: 298px;\n}\n#section_65280777 .section-bg-overlay {\n  background-color: rgba(51, 102, 153, 0.727);\n}\n#section_65280777 .section-bg.bg-loaded {\n  background-image: url(https:\/\/trasportimiranda.it\/wp-content\/uploads\/2024\/05\/texture.png);\n}\n#section_65280777 .section-bg {\n  background-position: 67% 60%;\n}\n<\/style>\n\t<\/section>\n\t\n\t<section class=\"section\" id=\"section_1495130765\">\n\t\t<div class=\"bg section-bg fill bg-fill  bg-loaded\" >\n\n\t\t\t\n\t\t\t\n\t\t\t\n\n\t\t<\/div>\n\n\t\t\n\n\t\t<div class=\"section-content relative\">\n\t\t\t\n<div class=\"row row-large\"  id=\"row-1763526345\">\n\n\t<div id=\"col-593668599\" class=\"col medium-6 small-12 large-6\"  >\n\t\t\t\t<div class=\"col-inner text-center\"  >\n\t\t\t\n\t\t\t\n\t<div class=\"img has-hover x md-x lg-x y md-y lg-y\" id=\"image_1693674414\">\n\t\t\t\t\t\t\t\t<div class=\"img-inner dark\" >\n\t\t\t<img loading=\"lazy\" decoding=\"async\" width=\"1000\" height=\"1000\" src=\"https:\/\/trasportimiranda.it\/wp-content\/uploads\/2024\/04\/ftl.png\" class=\"attachment-large size-large\" alt=\"\" srcset=\"https:\/\/trasportimiranda.it\/wp-content\/uploads\/2024\/04\/ftl.png 1000w, https:\/\/trasportimiranda.it\/wp-content\/uploads\/2024\/04\/ftl-300x300.png 300w, https:\/\/trasportimiranda.it\/wp-content\/uploads\/2024\/04\/ftl-150x150.png 150w, https:\/\/trasportimiranda.it\/wp-content\/uploads\/2024\/04\/ftl-768x768.png 768w, https:\/\/trasportimiranda.it\/wp-content\/uploads\/2024\/04\/ftl-12x12.png 12w\" sizes=\"(max-width: 1000px) 100vw, 1000px\" \/>\t\t\t\t\t\t\n\t\t\t\t\t<\/div>\n\t\t\t\t\t\t\t\t\n<style>\n#image_1693674414 {\n  width: 50%;\n}\n<\/style>\n\t<\/div>\n\t\n\t<div id=\"text-1503055100\" class=\"text\">\n\t\t\n<h3>Komplettladung (FTL)<\/h3>\n\t\t\n<style>\n#text-1503055100 {\n  font-size: 1.25rem;\n}\n<\/style>\n\t<\/div>\n\t\n\t<div id=\"text-1574121369\" class=\"text\">\n\t\t\n<p>FTL steht f\u00fcr \"Full Truckload\" oder \u201cKomplettladung\u201d und bezeichnet eine Versandart, bei der der gesamte Platz eines Lkw f\u00fcr den Transport einer einzigen Ladung gebucht wird. Mit anderen Worten: Wenn eine Ladung so gro\u00df ist, dass sie den gesamten Lkw ausf\u00fcllt, handelt es sich um eine FTL-Ladung. Diese Art der Bef\u00f6rderung wird in der Regel verwendet, wenn ein einzelnes Unternehmen oder ein Kunde eine gro\u00dfe Menge an G\u00fctern zu transportieren hat und den gesamten Raum des Fahrzeugs ausnutzen m\u00f6chte.<\/p>\n<p>Zu den Merkmalen der FTL-Ladung geh\u00f6ren:<\/p>\n<ul>\n<li>Belegung des gesamten Lkw-Raums durch eine einzige Ladung.<\/li>\n<li>H\u00f6here Liefergeschwindigkeit, da keine Zwischenstopps zum Be- und Entladen anderer Ladungen erforderlich sind.<\/li>\n<\/ul>\n\t\t\n<style>\n#text-1574121369 {\n  text-align: left;\n}\n<\/style>\n\t<\/div>\n\t\n\t\t<\/div>\n\t\t\t\t\t<\/div>\n\n\t\n\n\t<div id=\"col-180449133\" class=\"col medium-6 small-12 large-6\"  >\n\t\t\t\t<div class=\"col-inner text-center\"  >\n\t\t\t\n\t\t\t\n\t<div class=\"img has-hover x md-x lg-x y md-y lg-y\" id=\"image_1790547785\">\n\t\t\t\t\t\t\t\t<div class=\"img-inner dark\" >\n\t\t\t<img loading=\"lazy\" decoding=\"async\" width=\"1000\" height=\"1000\" src=\"https:\/\/trasportimiranda.it\/wp-content\/uploads\/2024\/04\/ltl.png\" class=\"attachment-large size-large\" alt=\"\" srcset=\"https:\/\/trasportimiranda.it\/wp-content\/uploads\/2024\/04\/ltl.png 1000w, https:\/\/trasportimiranda.it\/wp-content\/uploads\/2024\/04\/ltl-300x300.png 300w, https:\/\/trasportimiranda.it\/wp-content\/uploads\/2024\/04\/ltl-150x150.png 150w, https:\/\/trasportimiranda.it\/wp-content\/uploads\/2024\/04\/ltl-768x768.png 768w, https:\/\/trasportimiranda.it\/wp-content\/uploads\/2024\/04\/ltl-12x12.png 12w\" sizes=\"(max-width: 1000px) 100vw, 1000px\" \/>\t\t\t\t\t\t\n\t\t\t\t\t<\/div>\n\t\t\t\t\t\t\t\t\n<style>\n#image_1790547785 {\n  width: 50%;\n}\n<\/style>\n\t<\/div>\n\t\n\t<div id=\"text-4129129951\" class=\"text\">\n\t\t\n<h3>Teilladung (LTL)<\/h3>\n\t\t\n<style>\n#text-4129129951 {\n  font-size: 1.25rem;\n}\n<\/style>\n\t<\/div>\n\t\n\t<div id=\"text-2779726\" class=\"text\">\n\t\t\n<p>LTL steht f\u00fcr \"Less Than Truckload\" oder \"Teilladung\" und bezeichnet eine Versandart, bei der mehrere Warenladungen von verschiedenen Kunden in einem einzigen Lkw zusammengefasst werden. In diesem Fall nehmen die Ladungen verschiedener Kunden nur einen Teil des verf\u00fcgbaren Platzes im Lkw ein, was eine optimale Auslastung des Fahrzeugs erm\u00f6glicht. Die LTL-Logistik ist untrennbar mit der Optimierung der Lieferkette verbunden und erm\u00f6glicht eine effizientere Verteilung der Waren.<\/p>\n<p>Zu den Merkmalen der FTL-Ladung geh\u00f6ren:<\/p>\n<ul>\n<li>Mehrere Ladungen von verschiedenen Kunden werden in einem Lkw zusammengefasst.<\/li>\n<li>Die Zustellung kann etwas l\u00e4nger dauern, da der Lkw unterwegs Halt machen muss, um die verschiedenen Ladungen zu be- und entladen.<\/li>\n<\/ul>\n\t\t\n<style>\n#text-2779726 {\n  text-align: left;\n}\n<\/style>\n\t<\/div>\n\t\n\t\t<\/div>\n\t\t\t\t\t<\/div>\n\n\t\n<\/div>\n\t\t<\/div>\n\n\t\t\n<style>\n#section_1495130765 {\n  padding-top: 45px;\n  padding-bottom: 45px;\n}\n@media (min-width:550px) {\n  #section_1495130765 {\n    padding-top: 65px;\n    padding-bottom: 65px;\n  }\n}\n@media (min-width:850px) {\n  #section_1495130765 {\n    padding-top: 30px;\n    padding-bottom: 30px;\n  }\n}\n<\/style>\n\t<\/section>","protected":false},"excerpt":{"rendered":"","protected":false},"author":1,"featured_media":0,"parent":0,"menu_order":0,"comment_status":"closed","ping_status":"closed","template":"page-blank.php","meta":{"footnotes":""},"_links":{"self":[{"href":"https:\/\/trasportimiranda.it\/de\/wp-json\/wp\/v2\/pages\/101"}],"collection":[{"href":"https:\/\/trasportimiranda.it\/de\/wp-json\/wp\/v2\/pages"}],"about":[{"href":"https:\/\/trasportimiranda.it\/de\/wp-json\/wp\/v2\/types\/page"}],"author":[{"embeddable":true,"href":"https:\/\/trasportimiranda.it\/de\/wp-json\/wp\/v2\/users\/1"}],"replies":[{"embeddable":true,"href":"https:\/\/trasportimiranda.it\/de\/wp-json\/wp\/v2\/comments?post=101"}],"version-history":[{"count":7,"href":"https:\/\/trasportimiranda.it\/de\/wp-json\/wp\/v2\/pages\/101\/revisions"}],"predecessor-version":[{"id":506,"href":"https:\/\/trasportimiranda.it\/de\/wp-json\/wp\/v2\/pages\/101\/revisions\/506"}],"wp:attachment":[{"href":"https:\/\/trasportimiranda.it\/de\/wp-json\/wp\/v2\/media?parent=101"}],"curies":[{"name":"wp","href":"https:\/\/api.w.org\/{rel}","templated":true}]}}